{"id":323,"date":"2015-04-15T14:35:49","date_gmt":"2015-04-15T12:35:49","guid":{"rendered":"http:\/\/web96.webgo24-server46.de\/test\/?page_id=323"},"modified":"2015-04-23T07:36:13","modified_gmt":"2015-04-23T05:36:13","slug":"aerztliche-untersuchungen","status":"publish","type":"page","link":"http:\/\/rheydter-schloss-schatten.de\/test\/?page_id=323","title":{"rendered":"\u00c4rztliche Untersuchungen"},"content":{"rendered":"<p>Elterntiere\u00a0k\u00f6nnen diverse Erbkrankheiten an die Welpen \u00fcbertragen. Um dies auszuschlie\u00dfen oder um zumindest mit m\u00f6glichst geringem Risiko zu z\u00fcchten, wird mit diversen Methoden die &#8222;Zuchtwertsch\u00e4tzung&#8220; ermittelt.<\/p>\n<p>Hier finden Sie eine Liste der bekanntesten Erbkrankheiten bei Hunden. Diese Abk\u00fcrzungen k\u00f6nnen\u00a0Sie\u00a0h\u00e4ufig in den Profilen unserer Hunde vorfinden:<\/p>\n<p><a title=\"Collie Eye Anomaly (CEA)\" href=\"http:\/\/de.wikipedia.org\/wiki\/Collie_Eye_Anomaly\" target=\"_blank\">Collie Eye Anomaly (CEA)<\/a><br \/>\n<a title=\"Ellbogendysplasie (ED)\" target=\"_blank\" href=\"http:\/\/de.wikipedia.org\/wiki\/Ellbogendysplasie\">Ellbogendysplasie (ED)<\/a><br \/>\n<a title=\"H\u00fcftdysplasie (HD)\" target=\"_blank\" href=\"http:\/\/de.wikipedia.org\/wiki\/H%C3%BCftdysplasie_des_Hundes\">H\u00fcftdysplasie (HD)<\/a><br \/>\n<a title=\"Katarakt\" target=\"_blank\" href=\"http:\/\/de.wikipedia.org\/wiki\/Katarakt_(Medizin)\">Katarakt<\/a><br \/>\n<a title=\"persistierende hyperplastische Tunica vasculosa lentis (PHTVL)\" target=\"_blank\" href=\"http:\/\/www.eyevet.ch\/phtvl.html\">persistierende hyperplastische Tunica vasculosa lentis (PHTVL)<\/a><br \/>\n<a title=\"persistierender hyperplastischer prim\u00e4rer vitreus (PHPV)\" target=\"_blank\" href=\"http:\/\/www.eyevet.ch\/phtvl.html\">persistierender hyperplastischer prim\u00e4rer vitreus (PHPV)<\/a><br \/>\n<a title=\"Progressive Retinaatrophie (PRA)\" target=\"_blank\" href=\"http:\/\/de.wikipedia.org\/wiki\/Progressive_Retinaatrophie\">Progressive Retinaatrophie (PRA)<\/a><a title=\"persistierender hyperplastischer prim\u00e4rer vitreus (PHPV)\" target=\"_blank\" href=\"&quot;http:\/\/www.eyevet.ch\/phtvl.html&lt;\/a\"><br \/>\n<\/a><a href=\"https:\/\/de.wikipedia.org\/wiki\/Retinale_Dysplasie\" target=\"_blank\">Retinale Dysplasie (RD)<\/a><\/p>\n","protected":false},"excerpt":{"rendered":"<p>Elterntiere\u00a0k\u00f6nnen diverse Erbkrankheiten an die Welpen \u00fcbertragen. Um dies auszuschlie\u00dfen oder um zumindest mit m\u00f6glichst geringem Risiko zu z\u00fcchten, wird mit diversen Methoden die &#8222;Zuchtwertsch\u00e4tzung&#8220; ermittelt. Hier finden Sie eine Liste der bekanntesten Erbkrankheiten bei Hunden. Diese Abk\u00fcrzungen k\u00f6nnen\u00a0Sie\u00a0h\u00e4ufig in &hellip; <a href=\"http:\/\/rheydter-schloss-schatten.de\/test\/?page_id=323\">Weiterlesen <span class=\"meta-nav\">&rarr;<\/span><\/a><\/p>\n","protected":false},"author":2,"featured_media":0,"parent":112,"menu_order":2,"comment_status":"closed","ping_status":"closed","template":"","meta":{"footnotes":""},"class_list":["post-323","page","type-page","status-publish","hentry"],"_links":{"self":[{"href":"http:\/\/rheydter-schloss-schatten.de\/test\/index.php?rest_route=\/wp\/v2\/pages\/323","targetHints":{"allow":["GET"]}}],"collection":[{"href":"http:\/\/rheydter-schloss-schatten.de\/test\/index.php?rest_route=\/wp\/v2\/pages"}],"about":[{"href":"http:\/\/rheydter-schloss-schatten.de\/test\/index.php?rest_route=\/wp\/v2\/types\/page"}],"author":[{"embeddable":true,"href":"http:\/\/rheydter-schloss-schatten.de\/test\/index.php?rest_route=\/wp\/v2\/users\/2"}],"replies":[{"embeddable":true,"href":"http:\/\/rheydter-schloss-schatten.de\/test\/index.php?rest_route=%2Fwp%2Fv2%2Fcomments&post=323"}],"version-history":[{"count":9,"href":"http:\/\/rheydter-schloss-schatten.de\/test\/index.php?rest_route=\/wp\/v2\/pages\/323\/revisions"}],"predecessor-version":[{"id":473,"href":"http:\/\/rheydter-schloss-schatten.de\/test\/index.php?rest_route=\/wp\/v2\/pages\/323\/revisions\/473"}],"up":[{"embeddable":true,"href":"http:\/\/rheydter-schloss-schatten.de\/test\/index.php?rest_route=\/wp\/v2\/pages\/112"}],"wp:attachment":[{"href":"http:\/\/rheydter-schloss-schatten.de\/test\/index.php?rest_route=%2Fwp%2Fv2%2Fmedia&parent=323"}],"curies":[{"name":"wp","href":"https:\/\/api.w.org\/{rel}","templated":true}]}}