{"id":1547,"date":"2018-01-06T11:29:03","date_gmt":"2018-01-06T10:29:03","guid":{"rendered":"http:\/\/rheydter-schloss-schatten.de\/test\/?page_id=1547"},"modified":"2018-02-27T20:43:50","modified_gmt":"2018-02-27T19:43:50","slug":"m-wurf-traechtigkeitstagebuch-geburtsablauf","status":"publish","type":"page","link":"http:\/\/rheydter-schloss-schatten.de\/test\/?page_id=1547","title":{"rendered":"M-Wurf Tr\u00e4chtigkeitstagebuch &#038; Geburtsablauf"},"content":{"rendered":"<h3>06. Januar &#8211; 13. Januar 2018\u00a0(25. &#8211; 31. Tag)<\/h3>\n<p>Beverly und Avenger &#8211; Sam<\/p>\n<p>Die erste Ultraschalluntersuchung lieferte ein positives Ergebnis. Der Tierarzt konnte einige intakte Fruchtanlagen erkennen &#8211; Beverly ist schwanger! Sie beginnt mit einem Gewicht von 34,1\u00a0kg und einem Bauchumfang von 78\u00a0cm.<\/p>\n<p>Was passiert fortan in Beverlys\u00a0B\u00e4uchlein?<br \/>\nBei den Embryonen werden sich zun\u00e4chst die Augen sowie die Nevenstr\u00e4nge im R\u00fcckenmark bilden. In diesem fr\u00fchen Zustand sind die Embryonen sehr stark Defekt gef\u00e4hrdet. Die Entwicklung der Zitzen bei der H\u00fcndin beginnt. \u00a0Ihre Tr\u00e4chtigkeit verl\u00e4uft bisher absolut problemlos. Sie wird zwar von uns jetzt ein wenig mehr verw\u00f6hnt, aber wir behalten ihr Gewicht im Auge, damit sie nicht aufgrund von vermehrtem Essen oder zu vielen Leckerlies zulegt.<\/p>\n<p><a href=\"http:\/\/rheydter-schloss-schatten.de\/test\/wp-content\/uploads\/2018\/01\/6933C544-683C-4D62-9BB4-A5387CCF642D.jpeg\"><img loading=\"lazy\" decoding=\"async\" class=\"alignnone size-medium wp-image-1568\" src=\"http:\/\/rheydter-schloss-schatten.de\/test\/wp-content\/uploads\/2018\/01\/6933C544-683C-4D62-9BB4-A5387CCF642D-300x222.jpeg\" alt=\"\" width=\"300\" height=\"222\" srcset=\"http:\/\/rheydter-schloss-schatten.de\/test\/wp-content\/uploads\/2018\/01\/6933C544-683C-4D62-9BB4-A5387CCF642D-300x222.jpeg 300w, http:\/\/rheydter-schloss-schatten.de\/test\/wp-content\/uploads\/2018\/01\/6933C544-683C-4D62-9BB4-A5387CCF642D-768x569.jpeg 768w, http:\/\/rheydter-schloss-schatten.de\/test\/wp-content\/uploads\/2018\/01\/6933C544-683C-4D62-9BB4-A5387CCF642D-1024x759.jpeg 1024w\" sizes=\"auto, (max-width: 300px) 100vw, 300px\" \/><\/a> <a href=\"http:\/\/rheydter-schloss-schatten.de\/test\/wp-content\/uploads\/2018\/01\/9421F208-1E84-4DF2-AE63-DE5A2E2D36E4.jpeg\"><img loading=\"lazy\" decoding=\"async\" class=\"alignnone size-medium wp-image-1569\" src=\"http:\/\/rheydter-schloss-schatten.de\/test\/wp-content\/uploads\/2018\/01\/9421F208-1E84-4DF2-AE63-DE5A2E2D36E4-300x221.jpeg\" alt=\"\" width=\"300\" height=\"221\" srcset=\"http:\/\/rheydter-schloss-schatten.de\/test\/wp-content\/uploads\/2018\/01\/9421F208-1E84-4DF2-AE63-DE5A2E2D36E4-300x221.jpeg 300w, http:\/\/rheydter-schloss-schatten.de\/test\/wp-content\/uploads\/2018\/01\/9421F208-1E84-4DF2-AE63-DE5A2E2D36E4-768x567.jpeg 768w, http:\/\/rheydter-schloss-schatten.de\/test\/wp-content\/uploads\/2018\/01\/9421F208-1E84-4DF2-AE63-DE5A2E2D36E4-1024x756.jpeg 1024w\" sizes=\"auto, (max-width: 300px) 100vw, 300px\" \/><\/a><\/p>\n<p>14. Januar &#8211; 21. Januar 2018 (35. &#8211; 42. Tag)<\/p>\n<p>Beverly geht es sehr gut, sie l\u00e4sst sich mit Streicheleinheiten von uns verw\u00f6hnen. Wenn wir mir ihr nach Drau\u00dfen gehen, m\u00f6chte sie mit den anderen nicht mehr toben. Sie geht jetzt ihren eigenen Weg. Wir haben bei Beverly das Futter jetzt auf drei Mahlzeiten umgestellt. Sie frisst seit der Ultraschall Untersuchung Welpenfutter wegen dem erh\u00f6hten Proteingehalt. Denn wir m\u00f6chten ja das ihre Welpen sich sehr gut entwickeln.<\/p>\n<p>Beverly hat gut an Bauchumfang zugelegt, es sind jetzt 86 cm. Das Gewicht werden wir beim n\u00e4chsten Eintag wieder wissen.<\/p>\n<p>Bei den F\u00f6ten hat sich auch schon einiges getan. Sie sehen jetzt schon aus wie Hunde. Kopf und Rumpf sind unterscheidbar. Der Herzschlag ist mit dem Stetoskop h\u00f6rbar. Die Zitzen von Beverly werden dunkler und schwellen weiter an.<\/p>\n<p><a href=\"http:\/\/rheydter-schloss-schatten.de\/test\/wp-content\/uploads\/2018\/01\/entwicklung_tag38-300x200.jpg\"><img loading=\"lazy\" decoding=\"async\" class=\"alignnone size-medium wp-image-1590\" src=\"http:\/\/rheydter-schloss-schatten.de\/test\/wp-content\/uploads\/2018\/01\/entwicklung_tag38-300x200-300x200.jpg\" alt=\"\" width=\"300\" height=\"200\" \/><\/a><\/p>\n<p>22. Januar &#8211; 28. Januar 2018 (43. &#8211; 49. Tag )<\/p>\n<p>Beverly genie\u00dft ihre Schwangerschaft sehr, denn mehr Streicheleinheiten und ab und zu etwas leckeres zwischen durch, liebt sie sehr. Es wird nicht mehr lange dauern, dann kann man die Welpen leicht unter der Bauchdecke ertasten, jedoch noch schlecht gez\u00e4hlt werden. Die Haare unter ihrem Bach fallen langsam aus. Die Knochen verst\u00e4rken sich. Durch den Platzmangel im Bauch haben wir das Futter jetzt auf drei Mal umgestellt. Das Geburtszimmer ist komplett fertig und die Utensilien f\u00fcr die Geburt stehen bereit.<\/p>\n<p>Beverly hat wieder gut zugenommen: Bauchumfang, 91 cm und ein Gewicht von 37,1 kg. Beim n\u00e4chsten Eintrag werden wir wieder ein Bild von den F\u00f6ten einstellen wie sie dann aussehen. Bei Beverly messen wir jetzt einmal am Tag rektal die Temperatur, damit wir wissen wie ihre normale K\u00f6rpertemperatur ist, bevor es bei ihr losgeht.<\/p>\n<p>29.Januar &#8211; 04. Februar 2018 (50. &#8211; 56. Tag)<\/p>\n<p>Wir bewegen uns langsam auf der Ziehlgerade. Beverly verbringt sehr viel Zeit mit ihrer K\u00f6rperpflege. Sie ist Zeitweise auch unruhig und sucht einen geigneten Platz f\u00fcrs &#8222;Werfen&#8220;. Wir sorgen nat\u00fcrlich daf\u00fcr, dass sie es so angenehm wie m\u00f6glich hat. Wir haben ihr jetzt einige Handt\u00fccher und d\u00fcnne Decken in die Wurfkiste gelegt, die sie als Material ben\u00f6tigt um ihr Nest zu bauen.<\/p>\n<p>Ihre Temperatur liegt bei 37,9 C. Der Bauchumfang ist noch mal kr\u00e4ftig gewachsen, er liegt bei 94 cm. Am Donnerstag den 01.02.2018 steht ein Besuch beim Tierartzt an, dann werden wir +\/- 1 erfahren wieviele es werden.<\/p>\n<p>Wir k\u00f6nnen jetzt deutlich die Welpen unter der Bauchdecke f\u00fchlen, es ist ein wunderbares Gef\u00fchl. Beverly startet jetzt in die 8. Woche.<\/p>\n<p>04. Februar &#8211; 09. Februar 2018 ( 56, &#8211; 61. Tag )<\/p>\n<ol>\n<li><a href=\"http:\/\/rheydter-schloss-schatten.de\/test\/wp-content\/uploads\/2018\/02\/21248140-3D5E-4123-AF30-63A46D79B1CB.jpeg\"><img loading=\"lazy\" decoding=\"async\" class=\"alignnone size-medium wp-image-1611\" src=\"http:\/\/rheydter-schloss-schatten.de\/test\/wp-content\/uploads\/2018\/02\/21248140-3D5E-4123-AF30-63A46D79B1CB-300x225.jpeg\" alt=\"\" width=\"300\" height=\"225\" srcset=\"http:\/\/rheydter-schloss-schatten.de\/test\/wp-content\/uploads\/2018\/02\/21248140-3D5E-4123-AF30-63A46D79B1CB-300x225.jpeg 300w, http:\/\/rheydter-schloss-schatten.de\/test\/wp-content\/uploads\/2018\/02\/21248140-3D5E-4123-AF30-63A46D79B1CB-768x576.jpeg 768w, http:\/\/rheydter-schloss-schatten.de\/test\/wp-content\/uploads\/2018\/02\/21248140-3D5E-4123-AF30-63A46D79B1CB-1024x768.jpeg 1024w, http:\/\/rheydter-schloss-schatten.de\/test\/wp-content\/uploads\/2018\/02\/21248140-3D5E-4123-AF30-63A46D79B1CB.jpeg 1032w\" sizes=\"auto, (max-width: 300px) 100vw, 300px\" \/><\/a><\/li>\n<\/ol>\n<p>Jetzt haben wir bis zum Geburtstermin noch genau eine Woche. Beverly hat schon kr\u00e4ftig zu tragen. Auf dem Bild hat die Tier\u00e4rztin zwischen 9\/10 Wirbel gesehen. Puh wenn es stimmt dann werden wir einen gro\u00dfen Wurf erwarten. Die Babys sind ab dem 58. Tag 100% lebensf\u00e4hig, dass w\u00e4re am Dienstag. Sie bekommt jetzt morgens und Abends eine Gabe Pulsatilla D6. Das soll und wird die Geburt einfacher machen f\u00fcr eine H\u00fcndin. Ich habe bewusst nur den Tag bis Freitag genannt, weil es sein kann, dass Beverly nicht bis Samstag oder Sonntag wartet um ihre Babys zu bekommen. Wir werden uns sobald ihre Temperatur f\u00e4llt, sofort melden und alle fest die Daumen dr\u00fccken das es eine unkomplizierte Geburt wird. Beverlys Bauch misst einen Umfang von genau 99 cm. ich glaube wir werden die 100 cm noch knacken. Ihr Gewicht liegt bei 39,7 kg.<\/p>\n<p>09 Februar 2018 ( 61. Tag )<\/p>\n<p>Heute melde ich mich schon fr\u00fch, weil Beverly etwas unruig war letzte Nacht. Das ist aber alles v\u00f6llig ok. Bei ihr setzen jetzt die Senkwehen ein. Wenn ich von oben auf sie runterschaue, dann kann man ganz deutlich die Flanken sehen. Die Temperatur liegt aber noch im normalen Bereich bei 37,07. Erst wenn sie um 1-1,5 Grad f\u00e4llt, dann werden im normalfall die ersten Babys in 6-36 Stunden geboren. Ihren Bauchumfang, den ich heute das letzte Mal messe ist auch noch mal angestiegen, auf 102 cm. Ich sagte ja das wir die 100 knacken. Melden werde ich mich jetzt morgen wieder, oder im laufe des Tages tut sich noch was.<\/p>\n<p>10 Februar 2018 ( 62. Tag )<\/p>\n<p>Die Nacht verlief ruhig, Beverly hechelt jetzt etwas mehr und das ist ein sehr gutes Zeichen das die Babys sich auf dem Weg nach drau\u00dfen machen. Die Temperatur scheint auch langsam zu fallen, 37,5 heute morgen. Wir melden uns sobald sich was ver\u00e4ndert.<\/p>\n<p>11. Februar 2018 (63. Tag )<\/p>\n<p><span style=\"color: #ff0000;\">Anzeichen der bevorstehenden Geburt:<\/span><\/p>\n<ul>\n<li>einen Tag vor der Geburt werden die H\u00fcftknochen erkennbar, weil sich die Fr\u00fcchte absetzen. Dabei geben die B\u00e4nder der Geb\u00e4rmutter nach, die Welpen werden auf die Geburt vorbereitet und in Position gebracht.<\/li>\n<li>viele H\u00fcndinnen verweigern das Futter.<\/li>\n<li>wenn die K\u00f6rpertemperatur um 1,5 bis 2\u00b0C absingt, werden die Welpen innerhalb der n\u00e4chsten 6 bis 36\u00a0Stunden geboren.<\/li>\n<li>Lagerbildung und Aufsuchen des Lagers.<\/li>\n<li>zunehmende Unruhe, hechelt deutlich mehr, unsicherer Ausdruck\/Abwesenheit.<\/li>\n<li>gr\u00e4bt neue Wurfh\u00f6hlen im Garten oder unter Str\u00e4uchern.<\/li>\n<li>rennt st\u00e4ndig rein und raus&#8230; leert Blase und Darm, legt sich wieder hin&#8230; rennt wieder los&#8230;<\/li>\n<li>wenn man genau hinsieht kann man nun schon die Senkwehen erkennen.<\/li>\n<li>Vulva lecken und schleimige Ausscheidungen<\/li>\n<li>h\u00e4ufiges Schlucken, Zittern, Winseln; Dauer ca. 6 bis 36\u00a0Stunden.<\/li>\n<\/ul>\n<p>Viel Geduld ist jetzt angesagt.<\/p>\n<p>Heute ist der errechneter Geburtstermin bei Beverly, nachdem gestern die Temperatur bei 38,0 grad lag, ist seit heute morgen die Temperatur auf 37,1 gefallen. Das ist ein eindeutiger Abfall, das bedeutet das sich die Welpen langsam auf dem Weg nach drau\u00dfen begeben. Oben im Text habe ich es noch mal beschrieben. Beverly braucht jetzt viel Ruhe und ich weiche nicht mehr von ihrer Seite. Es kann sein das die Temperatur bei ihr noch weiter f\u00e4llt, daher kann sich die Geburt bis zum ersten Welpen\u00a0 noch hinziehen.<\/p>\n<p>Wir werden uns melden wenn der erste Welpe das Licht der Welt erblickt, denn das Abendteuer &#8211; Wunder &#8230;Geburt beginnt.. .<\/p>\n<h1 style=\"text-align: center;\"><span style=\"color: #ff0000;\">\u2665<\/span><\/h1>\n<p>13. Februar 2018 ( 65. Tag)<\/p>\n<p>Leider hat sich bei Beverly seit Sonntag alles wieder beruhigt. Ihr geht es sehr gut. Trotzdem haben wir gleich einen Termin bei der Tier\u00e4rztin zur Kontrolle. Bei Beverly sieht alles noch sehr gut aus, ist auch nur zur Vorsicht, damit wir wissen ob nicht ein Welpe Querliegt und den Geburtsweg versperrt. Wir melden uns wenn wir zur\u00fcck sind.<\/p>\n<p>15. Februar 2018 ( 67. Tag )<\/p>\n<p>So spannend habe ich es noch bei keiner H\u00fcndin gehabt. Beverly muss heute wieder zur Kontrolle zum Tierarzt. Im Raume steht nat\u00fcrlich schon der Gedanke, Kaiserschnitt, aber die \u00c4rztin beochbachtet Beverly jetzt genau und es geht iht sehr gut. Ich melde mich gleich noch mal kurz wenn ich vom Arzt zur\u00fcck bin.<\/p>\n<p>So wir sind vom Arzt zur\u00fcck, alles ist sehr gut. Die Herzchen schlagen sehr gut und die Bewegungen sind auch sehr gut. Die Temperatur ist bei ihr jetzt bei 36,8 und die \u00c4rztin meint, dass es morgen fr\u00fch losgehen wird. Sollte dies nicht der Fall sein, dann wird morgen Nachmittag ein Kaiserschnitt gemacht. Hoffen wir mal das es nicht sein muss.<\/p>\n<h1>Geburtsbericht:<\/h1>\n<p>Ich m\u00f6chte mich ganz herzlich f\u00fcr die tatkr\u00e4ftige Unterst\u00fctzung zur Geburt von Beverlys Babys bei Rosi M\u00fcller, B\u00e4rbel und Marion bedanken. Danke das ihr da ward.\u00a0<span style=\"color: #ff0000;\">\u2665\u2665\u2665<\/span><\/p>\n<p>Das war eine sehr spannende Schwangerschaft bei Beverly. Sie hat noch nie so lange \u00fcbertragen und es stand schon der Gedanke Kaiserschnitt im Raum. Nachdem bei Beverly am 60. Tag alles ganz normal verlief mit hecheln, buddeln, unruhig sein dachten wir es kommen bald die Babys. Leider stoppte Beverly alles und unser warten wurde auf eine harte Probe gestellt. Am 65. Tag sagte unsere Tier\u00e4rztin das bei ihr noch alles in Ordnung ist und wir ruhig warten sollen. Puh das war hart, denn wenn eine H\u00fcndin so lange \u00fcbertr\u00e4gt, k\u00f6nnen auch schon mal gro\u00dfe komplikationen entstehen. Aber unser warten hat sich gelohnt, am Freitag den 16.2.2018 platzte dann um 8.00h bei Beverly die Fruchtblase, es ging alles sehr schnell und unsere Maus brachte in nur 6 Stunden 9 Welpen\u00a0 7 H\u00fcndinnen und 2 R\u00fcden ohne Komplikationen auf die Welt. Hier die Geburtsgewichte der kleinen. Wir werden die Farbe der Halsb\u00e4ndchen und den vorl\u00e4ufigen Namen mit angeben:<\/p>\n<p>9.28 h gelb 424gr. Marylin<\/p>\n<p>9.59 h lachs 435 gr. Melodie (hat jetzt die Farbe Pink)<\/p>\n<p>10.21h rot 404 gr. Maya<\/p>\n<p>10.44h blau 408 gr. Marley<\/p>\n<p>11.02h orange 422 gr. Member<\/p>\n<p>12.29h bunt 414 gr. Minou\u00a0 (hat jetzt die Farbe Lila)<\/p>\n<p>13.23h rosa 448 gr. Masha<\/p>\n<p>14.20h hellblau 458 gr. My-Lady<\/p>\n<p>15.36h gr\u00fcn 428 gr. Merlin<\/p>\n<p>alle haben schon sehr gut zugenommen und entwickeln sich spitze.<\/p>\n","protected":false},"excerpt":{"rendered":"<p>06. Januar &#8211; 13. Januar 2018\u00a0(25. &#8211; 31. Tag) Beverly und Avenger &#8211; Sam Die erste Ultraschalluntersuchung lieferte ein positives Ergebnis. Der Tierarzt konnte einige intakte Fruchtanlagen erkennen &#8211; Beverly ist schwanger! Sie beginnt mit einem Gewicht von 34,1\u00a0kg und &hellip; <a href=\"http:\/\/rheydter-schloss-schatten.de\/test\/?page_id=1547\">Weiterlesen <span class=\"meta-nav\">&rarr;<\/span><\/a><\/p>\n","protected":false},"author":2,"featured_media":0,"parent":1544,"menu_order":0,"comment_status":"closed","ping_status":"closed","template":"","meta":{"footnotes":""},"class_list":["post-1547","page","type-page","status-publish","hentry"],"_links":{"self":[{"href":"http:\/\/rheydter-schloss-schatten.de\/test\/index.php?rest_route=\/wp\/v2\/pages\/1547","targetHints":{"allow":["GET"]}}],"collection":[{"href":"http:\/\/rheydter-schloss-schatten.de\/test\/index.php?rest_route=\/wp\/v2\/pages"}],"about":[{"href":"http:\/\/rheydter-schloss-schatten.de\/test\/index.php?rest_route=\/wp\/v2\/types\/page"}],"author":[{"embeddable":true,"href":"http:\/\/rheydter-schloss-schatten.de\/test\/index.php?rest_route=\/wp\/v2\/users\/2"}],"replies":[{"embeddable":true,"href":"http:\/\/rheydter-schloss-schatten.de\/test\/index.php?rest_route=%2Fwp%2Fv2%2Fcomments&post=1547"}],"version-history":[{"count":32,"href":"http:\/\/rheydter-schloss-schatten.de\/test\/index.php?rest_route=\/wp\/v2\/pages\/1547\/revisions"}],"predecessor-version":[{"id":1696,"href":"http:\/\/rheydter-schloss-schatten.de\/test\/index.php?rest_route=\/wp\/v2\/pages\/1547\/revisions\/1696"}],"up":[{"embeddable":true,"href":"http:\/\/rheydter-schloss-schatten.de\/test\/index.php?rest_route=\/wp\/v2\/pages\/1544"}],"wp:attachment":[{"href":"http:\/\/rheydter-schloss-schatten.de\/test\/index.php?rest_route=%2Fwp%2Fv2%2Fmedia&parent=1547"}],"curies":[{"name":"wp","href":"https:\/\/api.w.org\/{rel}","templated":true}]}}